{"id":2,"date":"2021-02-12T18:17:13","date_gmt":"2021-02-12T18:17:13","guid":{"rendered":"http:\/\/agricol.agcreative.ro\/?page_id=2"},"modified":"2021-05-01T22:01:11","modified_gmt":"2021-05-01T22:01:11","slug":"pagina-exemplu","status":"publish","type":"page","link":"https:\/\/agricolfalticeni.ro\/v5\/pagina-exemplu\/","title":{"rendered":"Eco-scoala"},"content":{"rendered":"<h2 style=\"text-align: center;\">Proiect Eco-\u0218coala<\/h2>\n<p>Programul Eco \u0218coala reprezint\u0103 un program educa\u021bional prin care elevii con\u0219tientizeaz\u0103 despre problemele locale de mediu&#8230;(<a href=\"http:\/\/agricolfalticeni.ro\/activitati\/Eco_scoala\/2019\/documentatia.pdf\">citeste articolul<\/a>)<\/p>\n<h5 style=\"text-align: right;\">Prof. coordonator Filipoaia Lumini\u021ba<\/h5>\n<h4 style=\"text-align: center;\">2019 &#8211; 2020 ACTIVIT\u0102\u021aI DESF\u0102\u0218URATE:<\/h4>\n<p style=\"text-align: left;\">2. Ziua mondial\u0103 a alimenta\u021biei (&#8230;<a href=\"https:\/\/agricolfalticeni.ro\/activitati\/Eco_scoala\/2020\/octombrie\/ziua_mondiala_a_alimentatiei.pdf\">cite\u0219te articolul<\/a>)<\/p>\n<p style=\"text-align: left;\">1. Toamn\u0103 f\u0103lticenean\u0103 (&#8230;<a href=\"https:\/\/agricolfalticeni.ro\/activitati\/Eco_scoala\/2020\/octombrie\/toamna_falticineana.pdf\">cite\u0219te articolul<\/a>)<\/p>\n<h4 style=\"text-align: center;\">2018 &#8211; 2019 ACTIVIT\u0102\u021aI DESF\u0102\u0218URATE:<\/h4>\n<p>5. Ziua p\u0103durii (&#8230;<a href=\"https:\/\/agricolfalticeni.ro\/activitati\/Eco_scoala\/2019\/aprilie\/luna_padurii.pdf\">cite\u0219te articolul<\/a>)<\/p>\n<p style=\"text-align: left;\">4. Ziua mondial\u0103 a apei (&#8230;<a href=\"https:\/\/agricolfalticeni.ro\/activitati\/Eco_scoala\/2019\/martie\/ziua_apei_2019.pdf\">cite\u0219te articolul<\/a>)<\/p>\n<p style=\"text-align: left;\">3. Via\u021b\u0103 lung\u0103 \u0219i frumoas\u0103 &#8211; alimenta\u021bie s\u0103n\u0103toas\u0103!<\/p>\n<p style=\"text-align: left;\">\u00cen perioada 10.12.- 19.12.2018 a avut loc la Colegiul \u201dVasile Lovinescu\u201d \u2013 F\u0103lticeni, jud. Suceava, expozi\u021bia realizat\u0103 cu ornamente \u0219i obiecte confec\u021bionate din materiale reciclabile&#8230; (<a href=\"https:\/\/agricolfalticeni.ro\/activitati\/Eco_scoala\/2019\/februarie\/viata_lunga_si_frumoasa.pdf\">cite\u0219te articolul<\/a>)<\/p>\n<p style=\"text-align: left;\">2. Recicl\u0103m, reutiliz\u0103m, salv\u0103m resursele naturale!<\/p>\n<p style=\"text-align: left;\">\u00cen perioada 10.12.- 19.12.2018 a avut loc la Colegiul \u201dVasile Lovinescu\u201d \u2013 F\u0103lticeni, jud. Suceava, expozi\u021bia realizat\u0103 cu ornamente \u0219i obiecte confec\u021bionate din materiale reciclabile! &#8230;(<a href=\"https:\/\/agricolfalticeni.ro\/activitati\/Eco_scoala\/2019\/documentatia.pdf\">cite\u0219te articolul<\/a>)<\/p>\n<p style=\"text-align: left;\">1. ECO &#8211; TOAMNA la Colegiul &#8222;Vasile Lovinescu&#8221;!!!! &#8211; Culoare, bucurie, bog\u0103\u021bie, implicare<\/p>\n<p style=\"text-align: left;\">Elevii \u00eendruma\u021bi de profesorii coordonatori au realizat aranjamente de toamn\u0103 cu materiale din natura!<\/p>\n<p style=\"text-align: left;\">2017 &#8211; 2018 Program educa\u021bional prin care elevii con\u0219tientizeaz\u0103 despre:<\/p>\n<p style=\"text-align: left;\">&#8211; problemele locale de mediu;<\/p>\n<p style=\"text-align: left;\">&#8211; eforturile comunit\u0103\u021bii locale privind protec\u021bia \u0219i conservarea mediului;<\/p>\n<p style=\"text-align: left;\">citi\u021bi mai multe despre PROGRAMUL ECO-\u0218COALA&#8230;<\/p>\n<p style=\"text-align: left;\">Eco &#8211; \u0219coala a \u00eenceput! Fii al\u0103turi de noi!<\/p>\n<p style=\"text-align: left;\">Lansarea activit\u0103\u021bilor din proiect: citi\u021bi mai multe despre PLANUL DE AC\u021aIUNE al proiectului&#8230;<\/p>\n","protected":false},"excerpt":{"rendered":"<p>Proiect Eco-\u0218coala Programul Eco \u0218coala reprezint\u0103 un program educa\u021bional prin care elevii con\u0219tientizeaz\u0103 despre problemele locale de mediu&#8230;(citeste articolul) Prof. coordonator Filipoaia Lumini\u021ba 2019 &#8211; 2020 ACTIVIT\u0102\u021aI DESF\u0102\u0218URATE: 2. Ziua mondial\u0103 a alimenta\u021biei (&#8230;cite\u0219te articolul) 1. Toamn\u0103 f\u0103lticenean\u0103 (&#8230;cite\u0219te articolul) 2018 &#8211; 2019 ACTIVIT\u0102\u021aI DESF\u0102\u0218URATE: 5. Ziua p\u0103durii (&#8230;cite\u0219te articolul) 4. Ziua mondial\u0103 a apei [&hellip;]<\/p>\n","protected":false},"author":1,"featured_media":0,"parent":0,"menu_order":0,"comment_status":"closed","ping_status":"open","template":"template-1c.php","meta":{"footnotes":""},"class_list":["post-2","page","type-page","status-publish","hentry"],"_links":{"self":[{"href":"https:\/\/agricolfalticeni.ro\/v5\/wp-json\/wp\/v2\/pages\/2","targetHints":{"allow":["GET"]}}],"collection":[{"href":"https:\/\/agricolfalticeni.ro\/v5\/wp-json\/wp\/v2\/pages"}],"about":[{"href":"https:\/\/agricolfalticeni.ro\/v5\/wp-json\/wp\/v2\/types\/page"}],"author":[{"embeddable":true,"href":"https:\/\/agricolfalticeni.ro\/v5\/wp-json\/wp\/v2\/users\/1"}],"replies":[{"embeddable":true,"href":"https:\/\/agricolfalticeni.ro\/v5\/wp-json\/wp\/v2\/comments?post=2"}],"version-history":[{"count":11,"href":"https:\/\/agricolfalticeni.ro\/v5\/wp-json\/wp\/v2\/pages\/2\/revisions"}],"predecessor-version":[{"id":13864,"href":"https:\/\/agricolfalticeni.ro\/v5\/wp-json\/wp\/v2\/pages\/2\/revisions\/13864"}],"wp:attachment":[{"href":"https:\/\/agricolfalticeni.ro\/v5\/wp-json\/wp\/v2\/media?parent=2"}],"curies":[{"name":"wp","href":"https:\/\/api.w.org\/{rel}","templated":true}]}}