{"id":13536,"date":"2015-05-11T09:48:16","date_gmt":"2015-05-11T09:48:16","guid":{"rendered":"http:\/\/www.livemeshthemes.com\/invent\/?page_id=2"},"modified":"2021-05-01T21:51:30","modified_gmt":"2021-05-01T21:51:30","slug":"sample-page","status":"publish","type":"page","link":"https:\/\/agricolfalticeni.ro\/v5\/sample-page\/","title":{"rendered":"ECDL"},"content":{"rendered":"<h2 style=\"text-align: center;\">Colegiul &#8222;Vasile Lovinescu&#8221; F\u0103lticeni<\/h2>\n<h2 style=\"text-align: center;\">&#8211; Centru acreditat ECDL ROMANIA &#8211;<\/h2>\n<p><a href=\"http:\/\/www.ecdl.ro\/\" target=\"_blank\" rel=\"noopener\"><img decoding=\"async\" class=\"aligncenter\" src=\"https:\/\/agricolfalticeni.ro\/v3\/images\/image001.jpg\" alt=\"\" border=\"0\" \/><\/a><\/p>\n<p id=\"yui_3_16_0_1_1449310818546_11722\" class=\"yiv8645304598MsoNormal\"><span id=\"yui_3_16_0_1_1449310818546_11721\" lang=\"EN-GB\"><strong id=\"yui_3_16_0_1_1449310818546_11720\">\u00a0 \u00a0 \u00a0 \u00a0 \u00a0 \u00a0 \u00a0 \u00a0COLEGIUL \u201cVASILE LOVINESCU\u201d FALTICENI\u00a0<\/strong>a fost acreditat ECDL \u015fi\u00a0<\/span>face parte din re\u0163eaua na\u0163ional\u0103 de centre de testare acreditate ECDL, re\u0163ea care cuprinde prestigioase institu\u0163ii de \u00eenv\u0103\u0163\u0103m\u0163nt preuniversitar \u015fi universitar \u015fi centre de pregatire profesional\u0103 de pe \u00eentreg teritoriul \u0163\u0103rii noastre.<\/p>\n<h3>De ce ECDL?<\/h3>\n<p>* \u00a0Permisul ECDL ofer\u0103 de\u0163in\u0103torului s\u0103u o baz\u0103 standard de cuno\u015ftin\u0163e IT necesar\u0103 \u00een noua societate informa\u0163ional\u0103 ce se afl\u0103 \u00een continu\u0103 dezvoltare.<br \/>\n* \u00a0Cu ajutorul Permisului ECDL v\u0103 pute\u0163i cre\u015fte gradul de mobilitate profesional\u0103 \u015fi pute\u0163i utiliza calculatorul \u00een mod eficient \u015fi productiv indiferent de v\u00e2rst\u0103, profesie sau domeniu de activitate.<br \/>\n* \u00a0Permisul ECDL ob\u0163inut este valabil pe o perioad\u0103 nedeterminat\u0103, competen\u0163ele digitale fiind certificate pe via\u0163\u0103, \u00een conformitate cu programele analitice aferente fiec\u0103rui modul, aflate \u00een vigoare la momentul sus\u0163inerii examin\u0103rii.<\/p>\n<h3>Tipuri de permise ECDL care se pot ob\u0163ine \u00een \u015fcola noastr\u0103:<\/h3>\n<p id=\"yui_3_16_0_1_1449310818546_12824\" class=\"yiv0513189626MsoListParagraph\">*Permisul\u00a0ECDL PROFIL START BAC\u00a0&#8211; se ob\u0163ine \u00een urma promovarii a\u00a0<strong>patru<\/strong>\u00a0examenele online din urm\u0103toarele aplica\u0163ii:<\/p>\n<p class=\"yiv0513189626MsoListParagraph\">&#8211;\u00a0<strong>Utilizarea computerului<\/strong>(conform programei \u015fcolare, materia de clasa a IX-a semestrul I)<\/p>\n<p class=\"yiv0513189626MsoListParagraph\">&#8211;\u00a0<strong>Instrumente online<\/strong>(conform programei \u015fcolare, materia de clasa a IX-a semestrul II)<\/p>\n<p class=\"yiv0513189626MsoListParagraph\">&#8211;<strong>\u00a0Editare de text\u00a0<\/strong>(Microsoft Office Word,\u00a0conform programei \u015fcolare, materia de clasa a IX-a semestrul II)<\/p>\n<p class=\"yiv0513189626MsoListParagraph\">&#8211;\u00a0<strong>Calcul Tabelar<\/strong>\u00a0(Microsoft Office Excel,\u00a0conform programei \u015fcolare, materia de clasa a X-a semestrul I)<\/p>\n<p class=\"yiv0513189626MsoListParagraph\">*Permisul\u00a0ECDL PROFIL BAC\u00a0&#8211; se ob\u0163ine \u00een urma promovarii a\u00a0<strong>\u015fase\u00a0<\/strong>examenele online din urm\u0103toarele aplica\u0163ii:<\/p>\n<p class=\"yiv0513189626MsoListParagraph\">&#8211;\u00a0<strong>Utilizarea computerului<\/strong>(conform programei \u015fcolare, materia de clasa a IX-a semestrul I)<\/p>\n<p class=\"yiv0513189626MsoListParagraph\">&#8211;\u00a0<strong>Instrumente online<\/strong>(conform programei \u015fcolare, materia de clasa a IX-a semestrul II)<\/p>\n<p class=\"yiv0513189626MsoListParagraph\">&#8211;\u00a0<strong>Editare de text<\/strong>\u00a0(Microsoft Office Word,\u00a0conform programei \u015fcolare, materia de clasa a IX-a semestrul II)<\/p>\n<p class=\"yiv0513189626MsoListParagraph\">&#8211;\u00a0<strong>Calcul Tabelar<\/strong>\u00a0(Microsoft Office Excel,\u00a0conform programei \u015fcolare, materia de clasa a X-a semestrul I)<\/p>\n<p class=\"yiv0513189626MsoListParagraph\">&#8211;\u00a0<strong>Prezentari\u00a0<\/strong>(Microsoft Office PowerPoint,\u00a0conform programei \u015fcolare, materia de clasa a X-a semestrul II)<\/p>\n<p class=\"yiv0513189626MsoListParagraph\">&#8211;\u00a0<strong>Baze de date\u00a0\u00a0<\/strong><strong>(<\/strong>Microsoft Office Access,\u00a0conform programei \u015fcolare, materia de clasa a X-a semestrul II, sau clasa a XI-a, in func\u0163ie de profil)<\/p>\n<h4 class=\"yiv0513189626MsoListParagraph\">Cele dou\u0103 tipuri de permise pot echivala, cu maxim de puncte, competentele TIC la proba de Bacalaureat, astfel:<\/h4>\n<p id=\"yui_3_16_0_1_1449310818546_12824\" class=\"yiv0513189626MsoListParagraph\"><span id=\"yui_3_16_0_1_1449310818546_12823\" lang=\"EN-US\"><strong class=\"sorter\">\u00a0&#8211;\u00a0<\/strong>pentru candida<\/span><span id=\"yui_3_16_0_1_1449310818546_12916\" lang=\"EN-US\">\u021b<\/span><span id=\"yui_3_16_0_1_1449310818546_12913\" lang=\"EN-US\">ii care au ob<\/span><span lang=\"EN-US\">\u021b<\/span><span id=\"yui_3_16_0_1_1449310818546_12914\" lang=\"EN-US\">inut Permisul\u00a0ECDL PROFIL START BAC* &#8211;\u00a0<\/span><strong class=\"sorter\">utilizator\u00a0avansat<\/strong><\/p>\n<p class=\"yiv0513189626MsoListParagraph\"><span id=\"yui_3_16_0_1_1449310818546_12915\"><strong class=\"sorter\">\u00a0&#8211;\u00a0<\/strong>pentru candida<\/span>\u021b<span id=\"yui_3_16_0_1_1449310818546_12912\">ii care au ob<\/span>\u021b<span id=\"yui_3_16_0_1_1449310818546_12856\">inut Permisul\u00a0ECDL PROFIL BAC** &#8211;\u00a0<\/span><strong class=\"sorter\">utilizator\u00a0experimentat<\/strong><\/p>\n<hr \/>\n<p style=\"text-align: center;\">DOVEDE\u015eTE C\u0102 E\u015eTI BINE PREG\u0102TIT \u00ceN UTILIZAREA CALCULATORULUI!<\/p>\n<p style=\"text-align: center;\">SAU<\/p>\n<p style=\"text-align: center;\">PREG\u0102TE\u015eTE-TE AL\u0102TURI DE NOI \u015eI \u00ce\u0162I OFERIM SPRIJIN \u00ceN ACEST SENS!<\/p>\n<p style=\"text-align: center;\"><a title=\"\u00censcrie-te acum!\" href=\"http:\/\/bd.ecdl.org.ro\/ecdlvcard\/formcandidatweb.aspx\" target=\"_blank\" rel=\"noopener\">FORMULAR DE \u00ceNSCRIERE ON-LINE<\/a><\/p>\n<hr \/>\n<p>Informa\u0163ii utile g\u0103si\u0163i \u015fi\u00a0<a href=\"https:\/\/agricolfalticeni.ro\/ecdl\/Profilul_ECDL_pentru_Elevi.pdf\" target=\"_blank\" rel=\"noopener\">aici<\/a><\/p>\n<p><strong>Alte informa\u0163ii pute\u0163i afla de la echipa de profesori examinatori din \u015fcoal\u0103:<\/strong><\/p>\n<p><strong>\u00a0&#8211;\u00a0<a href=\"https:\/\/agricolfalticeni.ro\/acatrinei\" target=\"_blank\" rel=\"noopener\">prof. Acatrinei-Vasiliu Cristi<\/a>, examinator \u015fi coordonatorul centrului(<span id=\"cloak24820\"><a href=\"mailto:cristiacatrinei@yahoo.com\">cristiacatrinei@yahoo.com<\/a><\/span>)<\/strong><\/p>\n<p><strong>\u00a0&#8211; prof. L\u0103c\u0103tu\u015fu Carmen, examinator \u015fi responsabil IT al centrului<\/strong><\/p>\n<p><strong>\u00a0&#8211; prof. P\u0103str\u0103vanu Florin, examinator al centrului<\/strong><\/p>\n","protected":false},"excerpt":{"rendered":"<p>Colegiul &#8222;Vasile Lovinescu&#8221; F\u0103lticeni &#8211; Centru acreditat ECDL ROMANIA &#8211; \u00a0 \u00a0 \u00a0 \u00a0 \u00a0 \u00a0 \u00a0 \u00a0COLEGIUL \u201cVASILE LOVINESCU\u201d FALTICENI\u00a0a fost acreditat ECDL \u015fi\u00a0face parte din re\u0163eaua na\u0163ional\u0103 de centre de testare acreditate ECDL, re\u0163ea care cuprinde prestigioase institu\u0163ii de \u00eenv\u0103\u0163\u0103m\u0163nt preuniversitar \u015fi universitar \u015fi centre de pregatire profesional\u0103 de pe \u00eentreg teritoriul \u0163\u0103rii [&hellip;]<\/p>\n","protected":false},"author":1,"featured_media":0,"parent":0,"menu_order":0,"comment_status":"open","ping_status":"open","template":"template-1c.php","meta":{"footnotes":""},"class_list":["post-13536","page","type-page","status-publish","hentry"],"_links":{"self":[{"href":"https:\/\/agricolfalticeni.ro\/v5\/wp-json\/wp\/v2\/pages\/13536","targetHints":{"allow":["GET"]}}],"collection":[{"href":"https:\/\/agricolfalticeni.ro\/v5\/wp-json\/wp\/v2\/pages"}],"about":[{"href":"https:\/\/agricolfalticeni.ro\/v5\/wp-json\/wp\/v2\/types\/page"}],"author":[{"embeddable":true,"href":"https:\/\/agricolfalticeni.ro\/v5\/wp-json\/wp\/v2\/users\/1"}],"replies":[{"embeddable":true,"href":"https:\/\/agricolfalticeni.ro\/v5\/wp-json\/wp\/v2\/comments?post=13536"}],"version-history":[{"count":3,"href":"https:\/\/agricolfalticeni.ro\/v5\/wp-json\/wp\/v2\/pages\/13536\/revisions"}],"predecessor-version":[{"id":13862,"href":"https:\/\/agricolfalticeni.ro\/v5\/wp-json\/wp\/v2\/pages\/13536\/revisions\/13862"}],"wp:attachment":[{"href":"https:\/\/agricolfalticeni.ro\/v5\/wp-json\/wp\/v2\/media?parent=13536"}],"curies":[{"name":"wp","href":"https:\/\/api.w.org\/{rel}","templated":true}]}}